{"id":472,"date":"2016-02-04T19:28:18","date_gmt":"2016-02-04T18:28:18","guid":{"rendered":"http:\/\/vsscheibbs.ac.at\/wp\/?page_id=472"},"modified":"2016-02-04T19:28:18","modified_gmt":"2016-02-04T18:28:18","slug":"minus-zr20-automatisationskaertchen","status":"publish","type":"page","link":"https:\/\/vsscheibbs.ac.at\/?page_id=472","title":{"rendered":"Minus-ZR20-Automatisationsk\u00e4rtchen"},"content":{"rendered":"<h6><a href=\"https:\/\/vsscheibbs.ac.at\/wp\/wp-content\/uploads\/2016\/02\/Automatisationsk%C3%A4rtchen-ZR20-Minusrechnungen-mit-10.pdf\" target=\"_blank\"><img loading=\"lazy\" decoding=\"async\" class=\"alignnone wp-image-396 size-full\" src=\"https:\/\/vsscheibbs.ac.at\/wp\/wp-content\/uploads\/2016\/02\/Adobe_PDF_file_icon_32x32.png\" alt=\"Adobe_PDF_file_icon_32x32\" width=\"32\" height=\"32\" \/><\/a> <a href=\"https:\/\/vsscheibbs.ac.at\/wp\/wp-content\/uploads\/2016\/02\/Automatisationsk\u00e4rtchen-ZR20-Minusrechnungen-mit-10.pdf\" target=\"_blank\" rel=\"\">Automatisationsk\u00e4rtchen-ZR20-Minusrechnungen mit 10<\/a><\/h6>\n<h6><a href=\"https:\/\/vsscheibbs.ac.at\/wp\/wp-content\/uploads\/2016\/02\/Automatisationsk%C3%A4rtchen-ZR20-Minusrechnungen-mit-9-und-Paerchen.pdf\" target=\"_blank\"><img loading=\"lazy\" decoding=\"async\" class=\"alignnone wp-image-396 size-full\" src=\"https:\/\/vsscheibbs.ac.at\/wp\/wp-content\/uploads\/2016\/02\/Adobe_PDF_file_icon_32x32.png\" alt=\"Adobe_PDF_file_icon_32x32\" width=\"32\" height=\"32\" \/><\/a> <a href=\"https:\/\/vsscheibbs.ac.at\/wp\/wp-content\/uploads\/2016\/02\/Automatisationsk\u00e4rtchen-ZR20-Minusrechnungen-mit-9-und-Paerchen.pdf\" target=\"_blank\" rel=\"\">Automatisationsk\u00e4rtchen-ZR20-Minusrechnungen mit 9 und Paerchen<\/a><\/h6>\n<h6><a href=\"https:\/\/vsscheibbs.ac.at\/wp\/wp-content\/uploads\/2016\/02\/Automatisationsk%C3%A4rtchen-ZR20-Minus-Elferrechnungen.pdf\" target=\"_blank\"><img loading=\"lazy\" decoding=\"async\" class=\"alignnone wp-image-396 size-full\" src=\"https:\/\/vsscheibbs.ac.at\/wp\/wp-content\/uploads\/2016\/02\/Adobe_PDF_file_icon_32x32.png\" alt=\"Adobe_PDF_file_icon_32x32\" width=\"32\" height=\"32\" \/><\/a> <a href=\"https:\/\/vsscheibbs.ac.at\/wp\/wp-content\/uploads\/2016\/02\/Automatisationsk\u00e4rtchen-ZR20-Minus-Elferrechnungen.pdf\" target=\"_blank\" rel=\"\">Automatisationsk\u00e4rtchen-ZR20-Minus-Elferrechnungen<\/a><\/h6>\n<h6><a href=\"https:\/\/vsscheibbs.ac.at\/wp\/wp-content\/uploads\/2016\/02\/Automatisationsk%C3%A4rtchen-ZR20-Minus-Neunerrechnungen.pdf\" target=\"_blank\"><img loading=\"lazy\" decoding=\"async\" class=\"alignnone wp-image-396 size-full\" src=\"https:\/\/vsscheibbs.ac.at\/wp\/wp-content\/uploads\/2016\/02\/Adobe_PDF_file_icon_32x32.png\" alt=\"Adobe_PDF_file_icon_32x32\" width=\"32\" height=\"32\" \/><\/a> <a href=\"https:\/\/vsscheibbs.ac.at\/wp\/wp-content\/uploads\/2016\/02\/Automatisationsk\u00e4rtchen-ZR20-Minus-Neunerrechnungen.pdf\" target=\"_blank\" rel=\"\">Automatisationsk\u00e4rtchen-ZR20-Minus-Neunerrechnungen<\/a><\/h6>\n<h6><a href=\"https:\/\/vsscheibbs.ac.at\/wp\/wp-content\/uploads\/2016\/02\/Automatisationsk%C3%A4rtchen-ZR20-restliche-Minusrechnungen.pdf\" target=\"_blank\"><img loading=\"lazy\" decoding=\"async\" class=\"alignnone wp-image-396 size-full\" src=\"https:\/\/vsscheibbs.ac.at\/wp\/wp-content\/uploads\/2016\/02\/Adobe_PDF_file_icon_32x32.png\" alt=\"Adobe_PDF_file_icon_32x32\" width=\"32\" height=\"32\" \/><\/a> <a href=\"https:\/\/vsscheibbs.ac.at\/wp\/wp-content\/uploads\/2016\/02\/Automatisationsk\u00e4rtchen-ZR20-restliche-Minusrechnungen.pdf\" target=\"_blank\" rel=\"\">Automatisationsk\u00e4rtchen-ZR20-restliche Minusrechnungen<\/a><\/h6>\n","protected":false},"excerpt":{"rendered":"<p>Automatisationsk\u00e4rtchen-ZR20-Minusrechnungen mit 10 Automatisationsk\u00e4rtchen-ZR20-Minusrechnungen mit 9 und Paerchen Automatisationsk\u00e4rtchen-ZR20-Minus-Elferrechnungen Automatisationsk\u00e4rtchen-ZR20-Minus-Neunerrechnungen Automatisationsk\u00e4rtchen-ZR20-restliche Minusrechnungen<\/p>\n","protected":false},"author":1,"featured_media":0,"parent":0,"menu_order":0,"comment_status":"closed","ping_status":"closed","template":"","meta":{"ngg_post_thumbnail":0,"footnotes":""},"class_list":["post-472","page","type-page","status-publish","hentry"],"_links":{"self":[{"href":"https:\/\/vsscheibbs.ac.at\/index.php?rest_route=\/wp\/v2\/pages\/472","targetHints":{"allow":["GET"]}}],"collection":[{"href":"https:\/\/vsscheibbs.ac.at\/index.php?rest_route=\/wp\/v2\/pages"}],"about":[{"href":"https:\/\/vsscheibbs.ac.at\/index.php?rest_route=\/wp\/v2\/types\/page"}],"author":[{"embeddable":true,"href":"https:\/\/vsscheibbs.ac.at\/index.php?rest_route=\/wp\/v2\/users\/1"}],"replies":[{"embeddable":true,"href":"https:\/\/vsscheibbs.ac.at\/index.php?rest_route=%2Fwp%2Fv2%2Fcomments&post=472"}],"version-history":[{"count":1,"href":"https:\/\/vsscheibbs.ac.at\/index.php?rest_route=\/wp\/v2\/pages\/472\/revisions"}],"predecessor-version":[{"id":478,"href":"https:\/\/vsscheibbs.ac.at\/index.php?rest_route=\/wp\/v2\/pages\/472\/revisions\/478"}],"wp:attachment":[{"href":"https:\/\/vsscheibbs.ac.at\/index.php?rest_route=%2Fwp%2Fv2%2Fmedia&parent=472"}],"curies":[{"name":"wp","href":"https:\/\/api.w.org\/{rel}","templated":true}]}}