{"id":455,"date":"2016-02-04T19:00:18","date_gmt":"2016-02-04T18:00:18","guid":{"rendered":"http:\/\/vsscheibbs.ac.at\/wp\/?page_id=455"},"modified":"2016-02-04T19:00:18","modified_gmt":"2016-02-04T18:00:18","slug":"minusaufgaben-im-zahlenraum-10","status":"publish","type":"page","link":"https:\/\/vsscheibbs.ac.at\/?page_id=455","title":{"rendered":"Minusaufgaben im Zahlenraum 10"},"content":{"rendered":"<h6 style=\"text-align: center;\"><span style=\"color: #800000;\">Automatisation der Minusrechnungen im Zahlenraum 10<\/span><\/h6>\n<p style=\"text-align: center;\"><strong>Ableitungen ohne Zehnerunterschreitung\u00a0<\/strong><\/p>\n<ol>\n<li><span style=\"color: #ff6600;\"><strong> Rechnungen mit 0<\/strong><\/span><br \/>\nB.:\u00a04 \u2013 4,\u00a04 \u2013 0,\u2026<\/li>\n<li><span style=\"color: #ff6600;\"><strong> Rechnungen mit minus 1<\/strong><\/span><br \/>\nz.B.:\u00a07 \u2013 1, 7 \u2013\u00a06,\u2026<\/li>\n<li><span style=\"color: #ff6600;\"><strong> Rechnungen mit Gedanken an die Fingerbilder (die Zahl\u00a05 kommt vor)<\/strong><\/span><br \/>\nz.B.: 9 \u2013 4, 7 \u2013 2, 6 \u2013 5 ,\u2026.<\/li>\n<li><span style=\"color: #ff6600;\"><strong> Rechnungen, die sich von P\u00e4rchen ableiten lassen<\/strong><\/span><br \/>\nz.B.: 4 \u2013 2, 8 \u2013 4, \u2026<\/li>\n<li><span style=\"color: #ff6600;\"><strong> Zehnerrechnungen (Fingerbilder als Hilfe)<\/strong><\/span><br \/>\nz.B.: 10 \u2013 7, 10 \u2013 2,\u2026.<\/li>\n<li><span style=\"color: #ff6600;\"><strong> Rechnungen mit\u00a02 (Ableitungen mit Rechnungen von 1)<\/strong><\/span><br \/>\nz.B.: Wenn 8 \u2013 1 gleich 7 ist, dann ist 8 \u2013 2 gleich<br \/>\nWenn 9 \u2013 8 gleich 1 ist, dann ist 9 \u2013 7 gleich 2<\/li>\n<\/ol>\n<ol start=\"7\">\n<li><span style=\"color: #ff6600;\"><strong> Restliche Minusrechnungen<\/strong><\/span><\/li>\n<\/ol>\n<h6 style=\"text-align: center;\"><span style=\"color: #800000;\">Zusammenhang Minus und Erg\u00e4nzung<\/span><\/h6>\n<p style=\"text-align: center;\">Jede Minusrechnung kann auch als Erg\u00e4nzung gel\u00f6st werden und umgekehrt. Manchen Kindern f\u00e4llt die Erg\u00e4nzung leichter. Vor allem wenn die Zahlen knapp beisammen liegen, bietet sich die Erg\u00e4nzung als Variante an:<br \/>\nz.B.: 9 \u2013 8 =\u00a0\u00a0\u00a0\u00a0\u00a0\u00a0 \u2192\u00a0\u00a0\u00a0\u00a0\u00a0\u00a0\u00a0\u00a0 8 + ___ = 9 (8 und wie viel fehlt auf 9)<\/p>\n","protected":false},"excerpt":{"rendered":"<p>Automatisation der Minusrechnungen im Zahlenraum 10 Ableitungen ohne Zehnerunterschreitung\u00a0 Rechnungen mit 0 B.:\u00a04 \u2013 4,\u00a04 \u2013 0,\u2026 Rechnungen mit minus 1 z.B.:\u00a07 \u2013 1, 7 \u2013\u00a06,\u2026 Rechnungen mit Gedanken an die Fingerbilder (die Zahl\u00a05 kommt vor) z.B.: 9 \u2013 4, 7 \u2013 2, 6 \u2013 5 ,\u2026. Rechnungen, die sich von P\u00e4rchen ableiten lassen z.B.: &hellip; <a href=\"https:\/\/vsscheibbs.ac.at\/?page_id=455\" class=\"more-link\"><span class=\"screen-reader-text\">Minusaufgaben im Zahlenraum 10<\/span> weiterlesen <span class=\"meta-nav\">&rarr;<\/span><\/a><\/p>\n","protected":false},"author":1,"featured_media":0,"parent":0,"menu_order":0,"comment_status":"closed","ping_status":"closed","template":"","meta":{"ngg_post_thumbnail":0,"footnotes":""},"class_list":["post-455","page","type-page","status-publish","hentry"],"_links":{"self":[{"href":"https:\/\/vsscheibbs.ac.at\/index.php?rest_route=\/wp\/v2\/pages\/455","targetHints":{"allow":["GET"]}}],"collection":[{"href":"https:\/\/vsscheibbs.ac.at\/index.php?rest_route=\/wp\/v2\/pages"}],"about":[{"href":"https:\/\/vsscheibbs.ac.at\/index.php?rest_route=\/wp\/v2\/types\/page"}],"author":[{"embeddable":true,"href":"https:\/\/vsscheibbs.ac.at\/index.php?rest_route=\/wp\/v2\/users\/1"}],"replies":[{"embeddable":true,"href":"https:\/\/vsscheibbs.ac.at\/index.php?rest_route=%2Fwp%2Fv2%2Fcomments&post=455"}],"version-history":[{"count":1,"href":"https:\/\/vsscheibbs.ac.at\/index.php?rest_route=\/wp\/v2\/pages\/455\/revisions"}],"predecessor-version":[{"id":456,"href":"https:\/\/vsscheibbs.ac.at\/index.php?rest_route=\/wp\/v2\/pages\/455\/revisions\/456"}],"wp:attachment":[{"href":"https:\/\/vsscheibbs.ac.at\/index.php?rest_route=%2Fwp%2Fv2%2Fmedia&parent=455"}],"curies":[{"name":"wp","href":"https:\/\/api.w.org\/{rel}","templated":true}]}}