{"id":427,"date":"2016-02-04T18:17:01","date_gmt":"2016-02-04T17:17:01","guid":{"rendered":"http:\/\/vsscheibbs.ac.at\/wp\/?page_id=427"},"modified":"2016-02-10T18:18:18","modified_gmt":"2016-02-10T17:18:18","slug":"zahlenzerlegung","status":"publish","type":"page","link":"https:\/\/vsscheibbs.ac.at\/?page_id=427","title":{"rendered":"Allgemeines zur Zahlenzerlegung"},"content":{"rendered":"<h6 style=\"text-align: center;\"><span style=\"color: #800000;\">Wesentliches Ziel des mathematischen Anfangsunterrichtes<\/span><\/h6>\n<p>Die Kinder m\u00fcssen erkennen, dass Zahlen zueinander in Beziehung stehen.<br \/>\nJede Zahl kann man<\/p>\n<ol>\n<li>aus anderen Zahlen zusammenbauen<\/li>\n<li>in kleinere Zahlen (Teile) zerlegen (= Zahlenzerlegungen)<\/li>\n<\/ol>\n<p style=\"text-align: center;\"><strong>Dieses Wesen der Zahlen nennt man das \u201eTeile-Ganzes-Prinzip\u201c.<\/strong><\/p>\n<p style=\"text-align: center;\">Am besten l\u00e4sst sich das mit Hilfe der Fingerbilder erkl\u00e4ren und darstellen:<\/p>\n<p style=\"text-align: center;\"><img loading=\"lazy\" decoding=\"async\" class=\"aligncenter size-full wp-image-333\" src=\"https:\/\/vsscheibbs.ac.at\/wp\/wp-content\/uploads\/2016\/02\/huetchendarstellung-mit-8.jpg\" alt=\"huetchendarstellung mit 8\" width=\"70\" height=\"93\" \/>\u201eH\u00fctchendarstellung\u201c<\/p>\n<p>Eine Hand zeigt bei 8 einen vollen F\u00fcnfer, die andere die Drei (= Teile). Der Achter ist dann die Gesamtheit (= Ganze) und wird bei uns als \u201ePizza\u201c bezeichnet, da wir die ganze Zahl immer mit einem Kreis kennzeichnen.<\/p>\n<h6 style=\"text-align: center;\"><span style=\"color: #800000;\">Rechenfamilien<\/span><\/h6>\n<p>Daraus ergibt sich eine \u201eRechenfamilie\u201c (bei uns als \u201ePizzarechnungen\u201c bezeichnet), wobei auch wiederum der Zusammenhang von Plus\/Minus\/Erg\u00e4nzung ersichtlich wird.<\/p>\n<p>Die Rechnungen werden somit nicht isoliert erlernt, sondern eine Minusrechnung kann z.B. von einer Plusrechnung abgeleitet werden.<\/p>\n<p style=\"text-align: center;\"><strong>Pizzarechnungen zum oben genannten Beispiel<\/strong><\/p>\n<p style=\"text-align: center;\">Diese Rechnungen lassen sich mit Hilfe der Fingerpakete gut nachvollziehen.<\/p>\n<p style=\"text-align: center;\"><strong>\u00a0\u00a0\u00a0\u00a0\u00a0\u00a0 5 + 3 = \u00a0 \u00a0<img loading=\"lazy\" decoding=\"async\" class=\"size-full wp-image-327 alignnone\" src=\"https:\/\/vsscheibbs.ac.at\/wp\/wp-content\/uploads\/2016\/02\/ganzes-8.jpg\" alt=\"ganzes 8\" width=\"30\" height=\"30\" \/> \u00a0 \u00a0 \u00a0 \u00a0 \u00a0 \u00a0 \u00a0 \u00a0 \u00a0 \u00a0 \u00a0\u00a0 <\/strong><strong>\u00a0<img loading=\"lazy\" decoding=\"async\" class=\"size-full wp-image-327 alignnone\" src=\"https:\/\/vsscheibbs.ac.at\/wp\/wp-content\/uploads\/2016\/02\/ganzes-8.jpg\" alt=\"ganzes 8\" width=\"30\" height=\"30\" \/>\u00a0 \u2013 5 = 3<\/strong><\/p>\n<p style=\"text-align: center;\"><strong>\u00a0\u00a0\u00a0\u00a0\u00a0\u00a0 3 + 5 = \u00a0<img loading=\"lazy\" decoding=\"async\" class=\"size-full wp-image-327 alignnone\" src=\"https:\/\/vsscheibbs.ac.at\/wp\/wp-content\/uploads\/2016\/02\/ganzes-8.jpg\" alt=\"ganzes 8\" width=\"30\" height=\"30\" \/>\u00a0\u00a0\u00a0 \u00a0 \u00a0 \u00a0 \u00a0 \u00a0 \u00a0 \u00a0 \u00a0 \u00a0 \u00a0 \u00a0\u00a0\u00a0<img loading=\"lazy\" decoding=\"async\" class=\"size-full wp-image-327 alignnone\" src=\"https:\/\/vsscheibbs.ac.at\/wp\/wp-content\/uploads\/2016\/02\/ganzes-8.jpg\" alt=\"ganzes 8\" width=\"30\" height=\"30\" \/>\u00a0 \u2013 3 = 5<\/strong><\/p>\n<p style=\"text-align: center;\"><strong>3 + ___ =\u00a0 <img loading=\"lazy\" decoding=\"async\" class=\"size-full wp-image-327 alignnone\" src=\"https:\/\/vsscheibbs.ac.at\/wp\/wp-content\/uploads\/2016\/02\/ganzes-8.jpg\" alt=\"ganzes 8\" width=\"30\" height=\"30\" \/><\/strong><\/p>\n<p style=\"text-align: center;\"><strong>5 + ___ =\u00a0 <img loading=\"lazy\" decoding=\"async\" class=\"size-full wp-image-327 alignnone\" src=\"https:\/\/vsscheibbs.ac.at\/wp\/wp-content\/uploads\/2016\/02\/ganzes-8.jpg\" alt=\"ganzes 8\" width=\"30\" height=\"30\" \/><\/strong><\/p>\n<p style=\"text-align: center;\">Auf dieselbe Weise kann man mit jeder anderen<br \/>\nZahlenzerlegung (z.B. 8 auf 7 und 1) vorgehen.<\/p>\n<h6 style=\"text-align: center;\"><span style=\"color: #800000;\">Gr\u00f6\u00dfere Zahlen &#8211; Zehner\u00fcbergang<\/span><\/h6>\n<p>Das Teile-Ganzes-Prinzip gilt nat\u00fcrlich auch f\u00fcr alle Zahlen \u00fcber 10.<br \/>\nSomit steht die oben genannte \u00dcbungsform auch f\u00fcr ein weiterf\u00fchrendes Rechentraining zur Verf\u00fcgung, z. B. f\u00fcr den Zehner\u00fcbergang:<\/p>\n<p><img loading=\"lazy\" decoding=\"async\" class=\"aligncenter size-full wp-image-336\" src=\"https:\/\/vsscheibbs.ac.at\/wp\/wp-content\/uploads\/2016\/02\/huetchendarstellung-allgemein-02.jpg\" alt=\"huetchendarstellung-allgemein-02\" width=\"70\" height=\"93\" \/><\/p>\n<p style=\"text-align: center;\"><strong>7 + 5 = <img loading=\"lazy\" decoding=\"async\" class=\"size-full wp-image-329 alignnone\" src=\"https:\/\/vsscheibbs.ac.at\/wp\/wp-content\/uploads\/2016\/02\/ganzes-12.jpg\" alt=\"ganzes 12\" width=\"35\" height=\"35\" \/>\u00a0\u00a0\u00a0\u00a0\u00a0\u00a0\u00a0\u00a0<img loading=\"lazy\" decoding=\"async\" class=\"size-full wp-image-329 alignnone\" src=\"https:\/\/vsscheibbs.ac.at\/wp\/wp-content\/uploads\/2016\/02\/ganzes-12.jpg\" alt=\"ganzes 12\" width=\"35\" height=\"35\" \/> \u2013 7 = 5<\/strong><\/p>\n<p style=\"text-align: center;\"><strong>5 + 7 = <img loading=\"lazy\" decoding=\"async\" class=\"size-full wp-image-329 alignnone\" src=\"https:\/\/vsscheibbs.ac.at\/wp\/wp-content\/uploads\/2016\/02\/ganzes-12.jpg\" alt=\"ganzes 12\" width=\"35\" height=\"35\" \/> \u00a0\u00a0\u00a0\u00a0\u00a0\u00a0\u00a0 <img loading=\"lazy\" decoding=\"async\" class=\"size-full wp-image-329 alignnone\" src=\"https:\/\/vsscheibbs.ac.at\/wp\/wp-content\/uploads\/2016\/02\/ganzes-12.jpg\" alt=\"ganzes 12\" width=\"35\" height=\"35\" \/> \u2013 5 = 7<\/strong><\/p>\n<p style=\"text-align: center;\"><strong>7 + ___ = <img loading=\"lazy\" decoding=\"async\" class=\"size-full wp-image-329 alignnone\" src=\"https:\/\/vsscheibbs.ac.at\/wp\/wp-content\/uploads\/2016\/02\/ganzes-12.jpg\" alt=\"ganzes 12\" width=\"35\" height=\"35\" \/><\/strong><\/p>\n<p style=\"text-align: center;\"><strong>5 + ___ = <img loading=\"lazy\" decoding=\"async\" class=\"size-full wp-image-329 alignnone\" src=\"https:\/\/vsscheibbs.ac.at\/wp\/wp-content\/uploads\/2016\/02\/ganzes-12.jpg\" alt=\"ganzes 12\" width=\"35\" height=\"35\" \/><\/strong><\/p>\n","protected":false},"excerpt":{"rendered":"<p>Wesentliches Ziel des mathematischen Anfangsunterrichtes Die Kinder m\u00fcssen erkennen, dass Zahlen zueinander in Beziehung stehen. Jede Zahl kann man aus anderen Zahlen zusammenbauen in kleinere Zahlen (Teile) zerlegen (= Zahlenzerlegungen) Dieses Wesen der Zahlen nennt man das \u201eTeile-Ganzes-Prinzip\u201c. Am besten l\u00e4sst sich das mit Hilfe der Fingerbilder erkl\u00e4ren und darstellen: \u201eH\u00fctchendarstellung\u201c Eine Hand zeigt bei &hellip; <a href=\"https:\/\/vsscheibbs.ac.at\/?page_id=427\" class=\"more-link\"><span class=\"screen-reader-text\">Allgemeines zur Zahlenzerlegung<\/span> weiterlesen <span class=\"meta-nav\">&rarr;<\/span><\/a><\/p>\n","protected":false},"author":1,"featured_media":0,"parent":0,"menu_order":0,"comment_status":"closed","ping_status":"closed","template":"","meta":{"ngg_post_thumbnail":0,"footnotes":""},"class_list":["post-427","page","type-page","status-publish","hentry"],"_links":{"self":[{"href":"https:\/\/vsscheibbs.ac.at\/index.php?rest_route=\/wp\/v2\/pages\/427","targetHints":{"allow":["GET"]}}],"collection":[{"href":"https:\/\/vsscheibbs.ac.at\/index.php?rest_route=\/wp\/v2\/pages"}],"about":[{"href":"https:\/\/vsscheibbs.ac.at\/index.php?rest_route=\/wp\/v2\/types\/page"}],"author":[{"embeddable":true,"href":"https:\/\/vsscheibbs.ac.at\/index.php?rest_route=\/wp\/v2\/users\/1"}],"replies":[{"embeddable":true,"href":"https:\/\/vsscheibbs.ac.at\/index.php?rest_route=%2Fwp%2Fv2%2Fcomments&post=427"}],"version-history":[{"count":7,"href":"https:\/\/vsscheibbs.ac.at\/index.php?rest_route=\/wp\/v2\/pages\/427\/revisions"}],"predecessor-version":[{"id":439,"href":"https:\/\/vsscheibbs.ac.at\/index.php?rest_route=\/wp\/v2\/pages\/427\/revisions\/439"}],"wp:attachment":[{"href":"https:\/\/vsscheibbs.ac.at\/index.php?rest_route=%2Fwp%2Fv2%2Fmedia&parent=427"}],"curies":[{"name":"wp","href":"https:\/\/api.w.org\/{rel}","templated":true}]}}