{"id":415,"date":"2016-02-04T17:36:51","date_gmt":"2016-02-04T16:36:51","guid":{"rendered":"http:\/\/vsscheibbs.ac.at\/wp\/?page_id=415"},"modified":"2016-02-04T17:36:51","modified_gmt":"2016-02-04T16:36:51","slug":"plus-zr20-automatisationskaertchen","status":"publish","type":"page","link":"https:\/\/vsscheibbs.ac.at\/?page_id=415","title":{"rendered":"Plus-ZR20-Automatisationsk\u00e4rtchen"},"content":{"rendered":"<h6><a href=\"https:\/\/vsscheibbs.ac.at\/wp\/wp-content\/uploads\/2016\/02\/Automatisationsk%C3%A4rtchen-ZR20-Rechnungen-mit-10.pdf\" target=\"_blank\"><img loading=\"lazy\" decoding=\"async\" class=\"alignnone wp-image-396 size-full\" src=\"https:\/\/vsscheibbs.ac.at\/wp\/wp-content\/uploads\/2016\/02\/Adobe_PDF_file_icon_32x32.png\" alt=\"Adobe_PDF_file_icon_32x32\" width=\"32\" height=\"32\" \/><\/a> <a href=\"https:\/\/vsscheibbs.ac.at\/wp\/wp-content\/uploads\/2016\/02\/Automatisationsk\u00e4rtchen-ZR20-Rechnungen-mit-10.pdf\" target=\"_blank\" rel=\"\">Automatisationsk\u00e4rtchen-ZR20-Rechnungen mit 10<\/a><\/h6>\n<h6><a href=\"https:\/\/vsscheibbs.ac.at\/wp\/wp-content\/uploads\/2016\/02\/Automatisationsk%C3%A4rtchen-ZR20-Paerchen.pdf\" target=\"_blank\"><img loading=\"lazy\" decoding=\"async\" class=\"alignnone wp-image-396 size-full\" src=\"https:\/\/vsscheibbs.ac.at\/wp\/wp-content\/uploads\/2016\/02\/Adobe_PDF_file_icon_32x32.png\" alt=\"Adobe_PDF_file_icon_32x32\" width=\"32\" height=\"32\" \/><\/a> <a href=\"https:\/\/vsscheibbs.ac.at\/wp\/wp-content\/uploads\/2016\/02\/Automatisationsk\u00e4rtchen-ZR20-Paerchen.pdf\" target=\"_blank\" rel=\"\">Automatisationsk\u00e4rtchen-ZR20-Paerchen<\/a><\/h6>\n<h6><a href=\"https:\/\/vsscheibbs.ac.at\/wp\/wp-content\/uploads\/2016\/02\/Automatisationsk%C3%A4rtchen-ZR20-Nachbarn-der-Paerchen.pdf\" target=\"_blank\"><img loading=\"lazy\" decoding=\"async\" class=\"alignnone wp-image-396 size-full\" src=\"https:\/\/vsscheibbs.ac.at\/wp\/wp-content\/uploads\/2016\/02\/Adobe_PDF_file_icon_32x32.png\" alt=\"Adobe_PDF_file_icon_32x32\" width=\"32\" height=\"32\" \/><\/a> <a href=\"https:\/\/vsscheibbs.ac.at\/wp\/wp-content\/uploads\/2016\/02\/Automatisationsk\u00e4rtchen-ZR20-Nachbarn-der-Paerchen.pdf\" target=\"_blank\" rel=\"\">Automatisationsk\u00e4rtchen-ZR20-Nachbarn der Paerchen<\/a><\/h6>\n<h6><a href=\"https:\/\/vsscheibbs.ac.at\/wp\/wp-content\/uploads\/2016\/02\/Automatisationsk%C3%A4rtchen-ZR20-Kraft-der-Fuenf.pdf\" target=\"_blank\"><img loading=\"lazy\" decoding=\"async\" class=\"alignnone wp-image-396 size-full\" src=\"https:\/\/vsscheibbs.ac.at\/wp\/wp-content\/uploads\/2016\/02\/Adobe_PDF_file_icon_32x32.png\" alt=\"Adobe_PDF_file_icon_32x32\" width=\"32\" height=\"32\" \/><\/a> <a href=\"https:\/\/vsscheibbs.ac.at\/wp\/wp-content\/uploads\/2016\/02\/Automatisationsk\u00e4rtchen-ZR20-Kraft-der-Fuenf.pdf\" target=\"_blank\" rel=\"\">Automatisationsk\u00e4rtchen-ZR20-Kraft der Fuenf<\/a><\/h6>\n<h6><a href=\"https:\/\/vsscheibbs.ac.at\/wp\/wp-content\/uploads\/2016\/02\/Automatisationsk%C3%A4rtchen-ZR20-Neunerrechnungen.pdf\" target=\"_blank\"><img loading=\"lazy\" decoding=\"async\" class=\"alignnone wp-image-396 size-full\" src=\"https:\/\/vsscheibbs.ac.at\/wp\/wp-content\/uploads\/2016\/02\/Adobe_PDF_file_icon_32x32.png\" alt=\"Adobe_PDF_file_icon_32x32\" width=\"32\" height=\"32\" \/><\/a> <a href=\"https:\/\/vsscheibbs.ac.at\/wp\/wp-content\/uploads\/2016\/02\/Automatisationsk\u00e4rtchen-ZR20-Neunerrechnungen.pdf\" target=\"_blank\" rel=\"\">Automatisationsk\u00e4rtchen-ZR20-Neunerrechnungen<\/a><\/h6>\n<h6><a href=\"https:\/\/vsscheibbs.ac.at\/wp\/wp-content\/uploads\/2016\/02\/Automatisationsk%C3%A4rtchen-ZR20-Elferrechnungen.pdf\" target=\"_blank\"><img loading=\"lazy\" decoding=\"async\" class=\"alignnone wp-image-396 size-full\" src=\"https:\/\/vsscheibbs.ac.at\/wp\/wp-content\/uploads\/2016\/02\/Adobe_PDF_file_icon_32x32.png\" alt=\"Adobe_PDF_file_icon_32x32\" width=\"32\" height=\"32\" \/><\/a> <a href=\"https:\/\/vsscheibbs.ac.at\/wp\/wp-content\/uploads\/2016\/02\/Automatisationsk\u00e4rtchen-ZR20-Elferrechnungen.pdf\" target=\"_blank\" rel=\"\">Automatisationsk\u00e4rtchen-ZR20-Elferrechnungen<\/a><\/h6>\n<h6><a href=\"https:\/\/vsscheibbs.ac.at\/wp\/wp-content\/uploads\/2016\/02\/Automatisationsk%C3%A4rtchen-ZR20-Rest-der-Plusrechnungen.pdf\" target=\"_blank\"><img loading=\"lazy\" decoding=\"async\" class=\"alignnone wp-image-396 size-full\" src=\"https:\/\/vsscheibbs.ac.at\/wp\/wp-content\/uploads\/2016\/02\/Adobe_PDF_file_icon_32x32.png\" alt=\"Adobe_PDF_file_icon_32x32\" width=\"32\" height=\"32\" \/><\/a> <a href=\"https:\/\/vsscheibbs.ac.at\/wp\/wp-content\/uploads\/2016\/02\/Automatisationsk\u00e4rtchen-ZR20-Rest-der-Plusrechnungen.pdf\" target=\"_blank\" rel=\"\">Automatisationsk\u00e4rtchen-ZR20-Rest der Plusrechnungen<\/a><\/h6>\n","protected":false},"excerpt":{"rendered":"<p>Automatisationsk\u00e4rtchen-ZR20-Rechnungen mit 10 Automatisationsk\u00e4rtchen-ZR20-Paerchen Automatisationsk\u00e4rtchen-ZR20-Nachbarn der Paerchen Automatisationsk\u00e4rtchen-ZR20-Kraft der Fuenf Automatisationsk\u00e4rtchen-ZR20-Neunerrechnungen Automatisationsk\u00e4rtchen-ZR20-Elferrechnungen Automatisationsk\u00e4rtchen-ZR20-Rest der Plusrechnungen<\/p>\n","protected":false},"author":1,"featured_media":0,"parent":0,"menu_order":0,"comment_status":"closed","ping_status":"closed","template":"","meta":{"ngg_post_thumbnail":0,"footnotes":""},"class_list":["post-415","page","type-page","status-publish","hentry"],"_links":{"self":[{"href":"https:\/\/vsscheibbs.ac.at\/index.php?rest_route=\/wp\/v2\/pages\/415","targetHints":{"allow":["GET"]}}],"collection":[{"href":"https:\/\/vsscheibbs.ac.at\/index.php?rest_route=\/wp\/v2\/pages"}],"about":[{"href":"https:\/\/vsscheibbs.ac.at\/index.php?rest_route=\/wp\/v2\/types\/page"}],"author":[{"embeddable":true,"href":"https:\/\/vsscheibbs.ac.at\/index.php?rest_route=\/wp\/v2\/users\/1"}],"replies":[{"embeddable":true,"href":"https:\/\/vsscheibbs.ac.at\/index.php?rest_route=%2Fwp%2Fv2%2Fcomments&post=415"}],"version-history":[{"count":2,"href":"https:\/\/vsscheibbs.ac.at\/index.php?rest_route=\/wp\/v2\/pages\/415\/revisions"}],"predecessor-version":[{"id":425,"href":"https:\/\/vsscheibbs.ac.at\/index.php?rest_route=\/wp\/v2\/pages\/415\/revisions\/425"}],"wp:attachment":[{"href":"https:\/\/vsscheibbs.ac.at\/index.php?rest_route=%2Fwp%2Fv2%2Fmedia&parent=415"}],"curies":[{"name":"wp","href":"https:\/\/api.w.org\/{rel}","templated":true}]}}