{"id":401,"date":"2016-02-04T17:03:08","date_gmt":"2016-02-04T16:03:08","guid":{"rendered":"http:\/\/vsscheibbs.ac.at\/wp\/?page_id=401"},"modified":"2016-02-04T17:24:06","modified_gmt":"2016-02-04T16:24:06","slug":"plus-zr10-automatisationskaertchen","status":"publish","type":"page","link":"https:\/\/vsscheibbs.ac.at\/?page_id=401","title":{"rendered":"Plus-ZR10-Automatisationsk\u00e4rtchen"},"content":{"rendered":"<h6><a href=\"https:\/\/vsscheibbs.ac.at\/wp\/wp-content\/uploads\/2016\/02\/Automatisationsk%C3%A4rtchen-ZR10-Rechnungen-mit-0.pdf\" target=\"_blank\"><img loading=\"lazy\" decoding=\"async\" class=\"alignnone wp-image-396 size-full\" src=\"https:\/\/vsscheibbs.ac.at\/wp\/wp-content\/uploads\/2016\/02\/Adobe_PDF_file_icon_32x32.png\" alt=\"Adobe_PDF_file_icon_32x32\" width=\"32\" height=\"32\" \/><\/a> <a href=\"https:\/\/vsscheibbs.ac.at\/wp\/wp-content\/uploads\/2016\/02\/Automatisationsk\u00e4rtchen-ZR10-Rechnungen-mit-0.pdf\" target=\"_blank\" rel=\"\">Automatisationsk\u00e4rtchen-ZR10-Rechnungen mit 0<\/a><\/h6>\n<h6>\u00a0<a href=\"https:\/\/vsscheibbs.ac.at\/wp\/wp-content\/uploads\/2016\/02\/Automatisationsk%C3%A4rtchen-ZR10-Rechnungen-mit-1.pdf\" target=\"_blank\"><img loading=\"lazy\" decoding=\"async\" class=\"alignnone wp-image-396 size-full\" src=\"https:\/\/vsscheibbs.ac.at\/wp\/wp-content\/uploads\/2016\/02\/Adobe_PDF_file_icon_32x32.png\" alt=\"Adobe_PDF_file_icon_32x32\" width=\"32\" height=\"32\" \/><\/a><a href=\"https:\/\/vsscheibbs.ac.at\/wp\/wp-content\/uploads\/2016\/02\/Automatisationsk\u00e4rtchen-ZR10-Rechnungen-mit-1.pdf\" target=\"_blank\" rel=\"\">Automatisationsk\u00e4rtchen-ZR10-Rechnungen mit 1<\/a><\/h6>\n<h6><a href=\"https:\/\/vsscheibbs.ac.at\/wp\/wp-content\/uploads\/2016\/02\/Automatisationsk%C3%A4rtchen-ZR10-Fingerbilder.pdf\" target=\"_blank\"><img loading=\"lazy\" decoding=\"async\" class=\"alignnone wp-image-396 size-full\" src=\"https:\/\/vsscheibbs.ac.at\/wp\/wp-content\/uploads\/2016\/02\/Adobe_PDF_file_icon_32x32.png\" alt=\"Adobe_PDF_file_icon_32x32\" width=\"32\" height=\"32\" \/><\/a> <a href=\"https:\/\/vsscheibbs.ac.at\/wp\/wp-content\/uploads\/2016\/02\/Automatisationsk\u00e4rtchen-ZR10-Fingerbilder.pdf\" target=\"_blank\" rel=\"\">Automatisationsk\u00e4rtchen-ZR10-Fingerbilder<\/a><\/h6>\n<h6><a href=\"https:\/\/vsscheibbs.ac.at\/wp\/wp-content\/uploads\/2016\/02\/Automatisationsk%C3%A4rtchen-ZR10-Paerchen.pdf\" target=\"_blank\"><img loading=\"lazy\" decoding=\"async\" class=\"alignnone wp-image-396 size-full\" src=\"https:\/\/vsscheibbs.ac.at\/wp\/wp-content\/uploads\/2016\/02\/Adobe_PDF_file_icon_32x32.png\" alt=\"Adobe_PDF_file_icon_32x32\" width=\"32\" height=\"32\" \/><\/a> <a href=\"https:\/\/vsscheibbs.ac.at\/wp\/wp-content\/uploads\/2016\/02\/Automatisationsk\u00e4rtchen-ZR10-Paerchen.pdf\" target=\"_blank\" rel=\"\">Automatisationsk\u00e4rtchen-ZR10-Paerchen<\/a><\/h6>\n<h6><a href=\"https:\/\/vsscheibbs.ac.at\/wp\/wp-content\/uploads\/2016\/02\/Automatisationsk%C3%A4rtchen-ZR10-Rechnungen-mit-2.pdf\" target=\"_blank\"><img loading=\"lazy\" decoding=\"async\" class=\"alignnone wp-image-396 size-full\" src=\"https:\/\/vsscheibbs.ac.at\/wp\/wp-content\/uploads\/2016\/02\/Adobe_PDF_file_icon_32x32.png\" alt=\"Adobe_PDF_file_icon_32x32\" width=\"32\" height=\"32\" \/><\/a> <a href=\"https:\/\/vsscheibbs.ac.at\/wp\/wp-content\/uploads\/2016\/02\/Automatisationsk\u00e4rtchen-ZR10-Rechnungen-mit-2.pdf\" target=\"_blank\" rel=\"\">Automatisationsk\u00e4rtchen-ZR10-Rechnungen mit 2<\/a><\/h6>\n<h6><a href=\"https:\/\/vsscheibbs.ac.at\/wp\/wp-content\/uploads\/2016\/02\/Automatisationsk%C3%A4rtchen-ZR10-Rechnungen-genau-auf-10.pdf\" target=\"_blank\"><img loading=\"lazy\" decoding=\"async\" class=\"alignnone wp-image-396 size-full\" src=\"https:\/\/vsscheibbs.ac.at\/wp\/wp-content\/uploads\/2016\/02\/Adobe_PDF_file_icon_32x32.png\" alt=\"Adobe_PDF_file_icon_32x32\" width=\"32\" height=\"32\" \/><\/a> <a href=\"https:\/\/vsscheibbs.ac.at\/wp\/wp-content\/uploads\/2016\/02\/Automatisationsk\u00e4rtchen-ZR10-Rechnungen-genau-auf-10.pdf\" target=\"_blank\" rel=\"\">Automatisationsk\u00e4rtchen-ZR10-Rechnungen genau auf 10<\/a><\/h6>\n<h6><a href=\"https:\/\/vsscheibbs.ac.at\/wp\/wp-content\/uploads\/2016\/02\/Automatisationsk%C3%A4rtchen-ZR10-Rest-der-Plusrechnungen.pdf\" target=\"_blank\"><img loading=\"lazy\" decoding=\"async\" class=\"alignnone wp-image-396 size-full\" src=\"https:\/\/vsscheibbs.ac.at\/wp\/wp-content\/uploads\/2016\/02\/Adobe_PDF_file_icon_32x32.png\" alt=\"Adobe_PDF_file_icon_32x32\" width=\"32\" height=\"32\" \/><\/a> <a href=\"https:\/\/vsscheibbs.ac.at\/wp\/wp-content\/uploads\/2016\/02\/Automatisationsk\u00e4rtchen-ZR10-Rest-der-Plusrechnungen.pdf\" target=\"_blank\" rel=\"\">Automatisationsk\u00e4rtchen-ZR10-Rest der Plusrechnungen<\/a><\/h6>\n","protected":false},"excerpt":{"rendered":"<p>Automatisationsk\u00e4rtchen-ZR10-Rechnungen mit 0 \u00a0Automatisationsk\u00e4rtchen-ZR10-Rechnungen mit 1 Automatisationsk\u00e4rtchen-ZR10-Fingerbilder Automatisationsk\u00e4rtchen-ZR10-Paerchen Automatisationsk\u00e4rtchen-ZR10-Rechnungen mit 2 Automatisationsk\u00e4rtchen-ZR10-Rechnungen genau auf 10 Automatisationsk\u00e4rtchen-ZR10-Rest der Plusrechnungen<\/p>\n","protected":false},"author":1,"featured_media":0,"parent":0,"menu_order":0,"comment_status":"closed","ping_status":"closed","template":"","meta":{"ngg_post_thumbnail":0,"footnotes":""},"class_list":["post-401","page","type-page","status-publish","hentry"],"_links":{"self":[{"href":"https:\/\/vsscheibbs.ac.at\/index.php?rest_route=\/wp\/v2\/pages\/401","targetHints":{"allow":["GET"]}}],"collection":[{"href":"https:\/\/vsscheibbs.ac.at\/index.php?rest_route=\/wp\/v2\/pages"}],"about":[{"href":"https:\/\/vsscheibbs.ac.at\/index.php?rest_route=\/wp\/v2\/types\/page"}],"author":[{"embeddable":true,"href":"https:\/\/vsscheibbs.ac.at\/index.php?rest_route=\/wp\/v2\/users\/1"}],"replies":[{"embeddable":true,"href":"https:\/\/vsscheibbs.ac.at\/index.php?rest_route=%2Fwp%2Fv2%2Fcomments&post=401"}],"version-history":[{"count":10,"href":"https:\/\/vsscheibbs.ac.at\/index.php?rest_route=\/wp\/v2\/pages\/401\/revisions"}],"predecessor-version":[{"id":414,"href":"https:\/\/vsscheibbs.ac.at\/index.php?rest_route=\/wp\/v2\/pages\/401\/revisions\/414"}],"wp:attachment":[{"href":"https:\/\/vsscheibbs.ac.at\/index.php?rest_route=%2Fwp%2Fv2%2Fmedia&parent=401"}],"curies":[{"name":"wp","href":"https:\/\/api.w.org\/{rel}","templated":true}]}}