{"id":324,"date":"2016-02-03T20:28:03","date_gmt":"2016-02-03T19:28:03","guid":{"rendered":"http:\/\/vsscheibbs.ac.at\/wp\/?page_id=324"},"modified":"2016-02-03T20:28:03","modified_gmt":"2016-02-03T19:28:03","slug":"plusaufgaben-im-zahlenraum-20-zehnerueberschreitung","status":"publish","type":"page","link":"https:\/\/vsscheibbs.ac.at\/?page_id=324","title":{"rendered":"Plusaufgaben im Zahlenraum 20 (Zehner\u00fcberschreitung)"},"content":{"rendered":"<h6 style=\"text-align: center;\"><span style=\"color: #800000;\">Automatisation der Plusrechnungen bis 20<\/span><\/h6>\n<p>Wichtig: Tabelle (zur \u00dcbersicht),<\/p>\n<p>Karteibox, K\u00e4rtchen, ev. Unterschriftenblatt<\/p>\n<p>Vorgangsweise wie bei der Automatisation im ZR 10, d. h. die K\u00e4rtchen werden sortiert und in bestimmten Kategorien ge\u00fcbt (z. B. \u201eHeute \u00fcben wir alle Rechnungen mit \u201e+9\u201c und leiten sie von den \u201eZehnerrechungen\u201c ab.)<\/p>\n<h6 style=\"text-align: center;\"><span style=\"color: #800000;\">M\u00f6gliche Erarbeitungswege im \u00dcberblick\u00a0<\/span><\/h6>\n<ol>\n<li><span style=\"color: #ff6600;\"><strong> Rechnungen mit 10<\/strong><\/span><br \/>\n10 + 6\u00a0\u00a0\u00a0\u00a0\u00a0\u00a0\u00a0\u00a0\u00a0\u00a0\u00a0\u00a0 7 + 10 \u00a0\u00a0\u00a0\u00a0\u00a0\u00a0\u00a0\u00a0\u00a0\u00a0\u00a0 usw.<\/li>\n<\/ol>\n<ol start=\"2\">\n<li><span style=\"color: #ff6600;\"><strong> P\u00e4rchen<\/strong><\/span><br \/>\n6 + 6\u00a0\u00a0\u00a0\u00a0\u00a0\u00a0\u00a0\u00a0\u00a0\u00a0\u00a0\u00a0\u00a0\u00a0 7 + 7\u00a0\u00a0\u00a0\u00a0\u00a0\u00a0\u00a0\u00a0\u00a0\u00a0\u00a0\u00a0\u00a0\u00a0 8 + 8\u00a0\u00a0\u00a0\u00a0\u00a0\u00a0\u00a0\u00a0\u00a0\u00a0\u00a0\u00a0\u00a0\u00a0 9 + 9<\/li>\n<\/ol>\n<ol start=\"3\">\n<li><span style=\"color: #ff6600;\"><strong> Nachbarn der P\u00e4rchen<\/strong><\/span><br \/>\nWenn\u00a0\u00a0 7 + 7 gleich 14 ist, dann 7 + 8 = 15<\/li>\n<\/ol>\n<ol start=\"4\">\n<li><span style=\"color: #ff6600;\"><strong> Kraft der 5<\/strong><\/span><br \/>\nHilfestellung sind die Fingerbilder, indem aus zwei F\u00fcnferh\u00e4nden ein Zehner entsteht<br \/>\n6 + 5\u00a0\u00a0\u00a0\u00a0\u00a0\u00a0\u00a0\u00a0\u00a0\u00a0\u00a0\u00a0\u00a0\u00a0 7 + 5\u00a0\u00a0\u00a0\u00a0\u00a0\u00a0\u00a0\u00a0\u00a0\u00a0\u00a0\u00a0\u00a0\u00a0 8 + 5\u00a0\u00a0\u00a0\u00a0\u00a0\u00a0\u00a0\u00a0\u00a0\u00a0\u00a0\u00a0\u00a0\u00a0 9 + 5\u00a0\u00a0\u00a0\u00a0\u00a0\u00a0\u00a0\u00a0 plus alle Tauschaufgaben<\/li>\n<\/ol>\n<ol start=\"5\">\n<li><span style=\"color: #ff6600;\"><strong> Neunerrechnungen<\/strong><\/span><br \/>\nwerden abgeleitet von Rechnungen mit 10 (s. Punkt 1)<br \/>\nWenn\u00a0\u00a0 4 + 10 gleich 14 ist, dann 4 + 9 = 13<\/li>\n<\/ol>\n<ol start=\"6\">\n<li><span style=\"color: #ff6600;\"><strong> Elferrechnungen<\/strong><\/span><br \/>\nwerden abgeleitet von den Zehnerrechnungen<br \/>\nWenn 8 + 2 gleich 10 ist, dann 8 + 3 = 11<\/li>\n<\/ol>\n<ol start=\"7\">\n<li><span style=\"color: #ff6600;\"><strong> Rest der Rechnungen im ZR 20<\/strong><\/span><\/li>\n<\/ol>\n<h6 style=\"text-align: center;\"><span style=\"color: #800000;\"><span style=\"color: #993300;\">Zusammenhang zu der Minusrechnung<\/span><br \/>\n<\/span>immer wieder herstellen, erleichtert das Automatisieren der Minusaufgaben<br \/>\nz.B.: 8 + 3 \u2026\u2026\u2026 \u201eWelche Minusrechnung passt dazu?\u201c<\/h6>\n<p><img loading=\"lazy\" decoding=\"async\" class=\"aligncenter wp-image-326 size-full\" src=\"https:\/\/vsscheibbs.ac.at\/wp\/wp-content\/uploads\/2016\/02\/allgemeines-plus-zr-20.jpg\" alt=\"allgemeines plus zr 20\" width=\"70\" height=\"93\" \/><\/p>\n<h6 style=\"text-align: center;\">8 + 3 =<img loading=\"lazy\" decoding=\"async\" class=\"size-full wp-image-328 alignnone\" src=\"https:\/\/vsscheibbs.ac.at\/wp\/wp-content\/uploads\/2016\/02\/ganzes-11.jpg\" alt=\"ganzes 11\" width=\"30\" height=\"30\" \/><br \/>\n3 + 8 =<img loading=\"lazy\" decoding=\"async\" class=\"size-full wp-image-328 alignnone\" src=\"https:\/\/vsscheibbs.ac.at\/wp\/wp-content\/uploads\/2016\/02\/ganzes-11.jpg\" alt=\"ganzes 11\" width=\"30\" height=\"30\" \/><br \/>\n<img loading=\"lazy\" decoding=\"async\" class=\"size-full wp-image-328 alignnone\" src=\"https:\/\/vsscheibbs.ac.at\/wp\/wp-content\/uploads\/2016\/02\/ganzes-11.jpg\" alt=\"ganzes 11\" width=\"30\" height=\"30\" \/>&#8211; 8 = 3<br \/>\n<img loading=\"lazy\" decoding=\"async\" class=\"size-full wp-image-328 alignnone\" src=\"https:\/\/vsscheibbs.ac.at\/wp\/wp-content\/uploads\/2016\/02\/ganzes-11.jpg\" alt=\"ganzes 11\" width=\"30\" height=\"30\" \/>&#8211; 3 = 8<\/h6>\n<p>&nbsp;<\/p>\n<ul style=\"list-style-type: square;\">\n<li>Bewusstmachung, dass Minus immer mit der gro\u00dfen\/ganzen Zahl beginn<br \/>\n(=Pizza, in diesem Fall \u201e11\u201c)<\/li>\n<li>Pizzarechnungen (Rechenfamilien)<\/li>\n<\/ul>\n<h6 style=\"text-align: center;\"><span style=\"color: #800000;\">Automatisation mit Zahlenh\u00e4usern<\/span><\/h6>\n<p>In der einen Spalte werden die Zahlen immer um eins weniger, in der anderen immer um eins mehr.<br \/>\nZu jeder Zeile passen\u00a0wieder s\u00e4mtliche\u00a0\u201ePizzarechnungen\u201c (s. oben).<\/p>\n<p><img loading=\"lazy\" decoding=\"async\" class=\"size-full wp-image-344 aligncenter\" src=\"https:\/\/vsscheibbs.ac.at\/wp\/wp-content\/uploads\/2016\/02\/rechenhaus-plus-zr-20.jpg\" alt=\"rechenhaus plus zr 20\" width=\"250\" height=\"296\" \/><\/p>\n","protected":false},"excerpt":{"rendered":"<p>Automatisation der Plusrechnungen bis 20 Wichtig: Tabelle (zur \u00dcbersicht), Karteibox, K\u00e4rtchen, ev. Unterschriftenblatt Vorgangsweise wie bei der Automatisation im ZR 10, d. h. die K\u00e4rtchen werden sortiert und in bestimmten Kategorien ge\u00fcbt (z. B. \u201eHeute \u00fcben wir alle Rechnungen mit \u201e+9\u201c und leiten sie von den \u201eZehnerrechungen\u201c ab.) M\u00f6gliche Erarbeitungswege im \u00dcberblick\u00a0 Rechnungen mit 10 &hellip; <a href=\"https:\/\/vsscheibbs.ac.at\/?page_id=324\" class=\"more-link\"><span class=\"screen-reader-text\">Plusaufgaben im Zahlenraum 20 (Zehner\u00fcberschreitung)<\/span> weiterlesen <span class=\"meta-nav\">&rarr;<\/span><\/a><\/p>\n","protected":false},"author":1,"featured_media":0,"parent":0,"menu_order":0,"comment_status":"closed","ping_status":"closed","template":"","meta":{"ngg_post_thumbnail":0,"footnotes":""},"class_list":["post-324","page","type-page","status-publish","hentry"],"_links":{"self":[{"href":"https:\/\/vsscheibbs.ac.at\/index.php?rest_route=\/wp\/v2\/pages\/324","targetHints":{"allow":["GET"]}}],"collection":[{"href":"https:\/\/vsscheibbs.ac.at\/index.php?rest_route=\/wp\/v2\/pages"}],"about":[{"href":"https:\/\/vsscheibbs.ac.at\/index.php?rest_route=\/wp\/v2\/types\/page"}],"author":[{"embeddable":true,"href":"https:\/\/vsscheibbs.ac.at\/index.php?rest_route=\/wp\/v2\/users\/1"}],"replies":[{"embeddable":true,"href":"https:\/\/vsscheibbs.ac.at\/index.php?rest_route=%2Fwp%2Fv2%2Fcomments&post=324"}],"version-history":[{"count":2,"href":"https:\/\/vsscheibbs.ac.at\/index.php?rest_route=\/wp\/v2\/pages\/324\/revisions"}],"predecessor-version":[{"id":355,"href":"https:\/\/vsscheibbs.ac.at\/index.php?rest_route=\/wp\/v2\/pages\/324\/revisions\/355"}],"wp:attachment":[{"href":"https:\/\/vsscheibbs.ac.at\/index.php?rest_route=%2Fwp%2Fv2%2Fmedia&parent=324"}],"curies":[{"name":"wp","href":"https:\/\/api.w.org\/{rel}","templated":true}]}}