{"id":305,"date":"2016-02-03T19:44:50","date_gmt":"2016-02-03T18:44:50","guid":{"rendered":"http:\/\/vsscheibbs.ac.at\/wp\/?page_id=305"},"modified":"2016-02-03T19:47:24","modified_gmt":"2016-02-03T18:47:24","slug":"rechentraining","status":"publish","type":"page","link":"https:\/\/vsscheibbs.ac.at\/?page_id=305","title":{"rendered":"Rechentraining"},"content":{"rendered":"<p><img loading=\"lazy\" decoding=\"async\" class=\"size-full wp-image-307 alignleft\" src=\"https:\/\/vsscheibbs.ac.at\/wp\/wp-content\/uploads\/2016\/02\/rechentraining.gif\" alt=\"rechentraining\" width=\"50\" height=\"56\" \/>Liebe Eltern!<\/p>\n<p>Wahrscheinlich wissen Sie es schon:<br \/>\nUm in Zukunft mathematische Aufgaben flott und sicher bew\u00e4ltigen zu k\u00f6nnen, ist es f\u00fcr unsere Kinder wesentlich, das z\u00e4hlende Verfahren Schritt f\u00fcr Schritt zu \u00fcberwinden und die Rechnungen spontan, quasi im Kopf, zu l\u00f6sen.<\/p>\n<p>Der Weg dazu f\u00fchrt bei manchen Kindern nur \u00fcber ein gezieltes und strukturiertes \u00dcben, wobei Rechnungen abgeleitet und in Beziehung gesetzt werden.<\/p>\n<p>Ich m\u00f6chte Ihnen dieses &#8222;Automatiosationstraining&#8220; vorstellen und Sie auch noch \u00fcber weitere Grundlagen f\u00fcr eine &#8222;erfolgreiche Rechenkarriere&#8220; informieren.<\/p>\n<p style=\"text-align: right;\">Mit den besten W\u00fcnschen<br \/>\nElisabeth Schlager (Lernberaterin)<\/p>\n<p>Weiterf\u00fchrende Informationen und Anregungen finden Sie im Buch<br \/>\n&#8222;Rechenschw\u00e4che vorbeugen&#8220; von Michael Gaidoschik oder auf <a href=\"http:\/\/www.recheninstitut.at\" target=\"_blank\">www.recheninstitut.at<\/a> .<\/p>\n","protected":false},"excerpt":{"rendered":"<p>Liebe Eltern! Wahrscheinlich wissen Sie es schon: Um in Zukunft mathematische Aufgaben flott und sicher bew\u00e4ltigen zu k\u00f6nnen, ist es f\u00fcr unsere Kinder wesentlich, das z\u00e4hlende Verfahren Schritt f\u00fcr Schritt zu \u00fcberwinden und die Rechnungen spontan, quasi im Kopf, zu l\u00f6sen. Der Weg dazu f\u00fchrt bei manchen Kindern nur \u00fcber ein gezieltes und strukturiertes \u00dcben, &hellip; <a href=\"https:\/\/vsscheibbs.ac.at\/?page_id=305\" class=\"more-link\"><span class=\"screen-reader-text\">Rechentraining<\/span> weiterlesen <span class=\"meta-nav\">&rarr;<\/span><\/a><\/p>\n","protected":false},"author":1,"featured_media":0,"parent":0,"menu_order":0,"comment_status":"closed","ping_status":"closed","template":"","meta":{"ngg_post_thumbnail":0,"footnotes":""},"class_list":["post-305","page","type-page","status-publish","hentry"],"_links":{"self":[{"href":"https:\/\/vsscheibbs.ac.at\/index.php?rest_route=\/wp\/v2\/pages\/305","targetHints":{"allow":["GET"]}}],"collection":[{"href":"https:\/\/vsscheibbs.ac.at\/index.php?rest_route=\/wp\/v2\/pages"}],"about":[{"href":"https:\/\/vsscheibbs.ac.at\/index.php?rest_route=\/wp\/v2\/types\/page"}],"author":[{"embeddable":true,"href":"https:\/\/vsscheibbs.ac.at\/index.php?rest_route=\/wp\/v2\/users\/1"}],"replies":[{"embeddable":true,"href":"https:\/\/vsscheibbs.ac.at\/index.php?rest_route=%2Fwp%2Fv2%2Fcomments&post=305"}],"version-history":[{"count":4,"href":"https:\/\/vsscheibbs.ac.at\/index.php?rest_route=\/wp\/v2\/pages\/305\/revisions"}],"predecessor-version":[{"id":311,"href":"https:\/\/vsscheibbs.ac.at\/index.php?rest_route=\/wp\/v2\/pages\/305\/revisions\/311"}],"wp:attachment":[{"href":"https:\/\/vsscheibbs.ac.at\/index.php?rest_route=%2Fwp%2Fv2%2Fmedia&parent=305"}],"curies":[{"name":"wp","href":"https:\/\/api.w.org\/{rel}","templated":true}]}}