{"id":29832,"date":"2025-06-19T17:59:41","date_gmt":"2025-06-19T15:59:41","guid":{"rendered":"https:\/\/vsscheibbs.ac.at\/?page_id=29832"},"modified":"2025-11-10T19:55:15","modified_gmt":"2025-11-10T18:55:15","slug":"__trashed","status":"publish","type":"page","link":"https:\/\/vsscheibbs.ac.at\/?page_id=29832","title":{"rendered":"Hausordnung"},"content":{"rendered":"<p style=\"text-align: center;\"><strong><span style=\"font-size: 18pt;\">Hausordnung f\u00fcr unser Schulgeb\u00e4ude<img loading=\"lazy\" decoding=\"async\" class=\"wp-image-29847 alignleft\" src=\"https:\/\/vsscheibbs.ac.at\/wp\/wp-content\/uploads\/2025\/06\/Schultor.jpg\" alt=\"\" width=\"259\" height=\"194\"><\/span><\/strong><\/p>\n<p><em>&nbsp;<\/em>Unsere Schulkultur ist gepr\u00e4gt durch einen wertsch\u00e4tzenden Umgang miteinander.<\/p>\n<hr>\n<p>F\u00fcr einen gro\u00dfen Teil des Tages sind wir durch eine Lerngemeinschaft verbunden.<\/p>\n<hr>\n<p>Jeder\/jede von uns (Sch\u00fclerInnen\/Eltern\/Lehrer und Lehrerinnen) leistet einen pers\u00f6nlichen Beitrag zum Gelingen dieser Gemeinschaft.<\/p>\n<p><strong><span style=\"color: #993366; font-size: 14pt;\">Wir haben das Ziel, die Menschen,<\/span><\/strong><br \/>\n<strong><span style=\"color: #993366; font-size: 14pt;\"><em>ob gro\u00df oder klein<br \/>\n<\/em><em>ob Junge oder M\u00e4dchen<br \/>\n<\/em><em>ob schnell oder langsam<br \/>\n<\/em>mit denen wir diese Zeit verbringen,<\/span><\/strong><br \/>\n<strong><span style=\"color: #993366; font-size: 14pt;\">so zu sch\u00e4tzen,<\/span><\/strong><br \/>\n<strong><span style=\"color: #993366; font-size: 14pt;\">wie wir es f\u00fcr uns selbst erwarten.<\/span><\/strong><\/p>\n<p>Wir achten auch auf die Dinge um uns, auf Ordnung und P\u00fcnktlichkeit.<\/p>\n<hr>\n<p>Sollte es zu Konflikten kommen (z.B. Streit oder Besch\u00e4digungen), gibt es f\u00fcr uns viele M\u00f6glichkeiten zur L\u00f6sung: hinh\u00f6ren, entschuldigen, erkl\u00e4ren, dar\u00fcber sprechen, Hilfe holen. &nbsp;<\/p>\n<p><strong>Damit das Zusammenleben gelingt, beachten wir folgende Schulregeln:<\/strong><\/p>\n\n<table id=\"tablepress-29\" class=\"tablepress tablepress-id-29\">\n<tbody class=\"row-hover\">\n<tr class=\"row-1 odd\">\n\t<td class=\"column-1\">Einlass f\u00fcr Sch\u00fclerinnen und Sch\u00fcler ist um 7.40 Uhr (ausgenommen: F\u00f6rderunterricht oder bestehende Anmeldung f\u00fcr die \u201eWarteklasse\u201c).<strong><\/td>\n<\/tr>\n<tr class=\"row-2 even\">\n\t<td class=\"column-1\">Der Haupteingang wird zwischen 7.55 bis 11.40 verschlossen.<\/td>\n<\/tr>\n<tr class=\"row-3 odd\">\n\t<td class=\"column-1\">P\u00fcnktliches Erscheinen zum Unterricht<\/td>\n<\/tr>\n<tr class=\"row-4 even\">\n\t<td class=\"column-1\">Nach Ende der Unterrichts- bzw. Betreuungszeit sowie in einer Mittagspause verlassen alle Sch\u00fclerinnen und Sch\u00fcler unverz\u00fcglich das Schulgeb\u00e4ude (ausgenommen: bestehende Anmeldungen f\u00fcr die \u201eWarteklasse\u201c oder zur freiwilligen ganzt\u00e4gigen Schulform).<\/td>\n<\/tr>\n<tr class=\"row-5 odd\">\n\t<td class=\"column-1\">Jeder\/jede h\u00e4lt Ordnung und achtet auf Sauberkeit im Schulgeb\u00e4ude.<\/td>\n<\/tr>\n<tr class=\"row-6 even\">\n\t<td class=\"column-1\">Die Klassenr\u00e4ume werden nach dem Unterricht versperrt.<\/td>\n<\/tr>\n<tr class=\"row-7 odd\">\n\t<td class=\"column-1\">Die Liftben\u00fctzung durch Sch\u00fclerinnen und Sch\u00fcler ist nur mit Erlaubnis der Lehrer und Lehrerinnen oder des Hauspersonals gestattet.<\/td>\n<\/tr>\n<tr class=\"row-8 even\">\n\t<td class=\"column-1\">Handyverbot: Handys und Smart-Watches sowie vergleichbare, der digitalen Kommunikation dienenden Ger\u00e4te von Sch\u00fclerinnen und Sch\u00fclern bleiben am gesamten Schulgel\u00e4nde ausnahmslos ausgeschaltet. Dies gilt auch bei und auf der Fahrt zu Schulveranstaltungen sowie bei disloziertem Unterricht, sie d\u00fcrfen dabei nicht verwendet werden.<\/td>\n<\/tr>\n<tr class=\"row-9 odd\">\n\t<td class=\"column-1\">Fahrr\u00e4der, Roller, Skateboards u. dgl. d\u00fcrfen im Schulgel\u00e4nde nur geschoben werden!<\/td>\n<\/tr>\n<tr class=\"row-10 even\">\n\t<td class=\"column-1\">Geld und Wertgegenst\u00e4nde m\u00fcssen sicher verwahrt werden. Es wird f\u00fcr Garderobe und Wertgegenst\u00e4nde keine Haftung \u00fcbernommen.<\/td>\n<\/tr>\n<tr class=\"row-11 odd\">\n\t<td class=\"column-1\">Die Musiksch\u00fcler und -sch\u00fclerinnen bleiben bei Wartezeiten vor bzw. nach dem Unterricht in der Aula im Erdgescho\u00df.<\/td>\n<\/tr>\n<tr class=\"row-12 even\">\n\t<td class=\"column-1\">Der Aufenthalt in  anderen Stockwerken ist nicht erlaubt. Bitte um RUHE!<\/td>\n<\/tr>\n<tr class=\"row-13 odd\">\n\t<td class=\"column-1\">Wird Schuleigentum besch\u00e4digt, haften bei Kindern die Erziehungsberechtigten. Die Sch\u00fclerInnen und Sch\u00fcler leisten als Ersatz Wiedergutmachung.<\/td>\n<\/tr>\n<tr class=\"row-14 even\">\n\t<td class=\"column-1\">Es gilt RAUCHVERBOT (einschlie\u00dflich E-Zigaretten!) auf dem gesamten SCHULGEL\u00c4NDE!<\/td>\n<\/tr>\n<\/tbody>\n<\/table>\n<!-- #tablepress-29 from cache -->\n<p><span style=\"font-size: 10pt;\"><em><strong>Diese Hausordnung wurde 2025 in den Schulforen beschlossen.<\/strong><\/em><\/span><br \/>\n<span style=\"font-size: 10pt;\"><em><strong>Sie ist f\u00fcr alle Ben\u00fctzer dieses Geb\u00e4udes verbindlich.<\/strong><\/em><\/span><\/p>\n<p><em>Hier k\u00f6nnen Sie die Hausordnung downloaden:<\/em>&nbsp;<span style=\"text-decoration: underline; color: #333399;\"><strong><a style=\"color: #333399; text-decoration: underline;\" href=\"https:\/\/vsscheibbs.ac.at\/wp\/wp-content\/uploads\/2025\/06\/Hausordnung-fuer-unser-Schulgebaeude_2025-NEU.pdf\" target=\"_blank\" rel=\"noopener\">Hausordnung-fuer-unser-Schulgebaeude_2025<\/a><\/strong><\/span><\/p>\n","protected":false},"excerpt":{"rendered":"<p>Hausordnung f\u00fcr unser Schulgeb\u00e4ude &nbsp;Unsere Schulkultur ist gepr\u00e4gt durch einen wertsch\u00e4tzenden Umgang miteinander. F\u00fcr einen gro\u00dfen Teil des Tages sind wir durch eine Lerngemeinschaft verbunden. Jeder\/jede von uns (Sch\u00fclerInnen\/Eltern\/Lehrer und Lehrerinnen) leistet einen pers\u00f6nlichen Beitrag zum Gelingen dieser Gemeinschaft. Wir haben das Ziel, die Menschen, ob gro\u00df oder klein ob Junge oder M\u00e4dchen ob schnell &hellip; <a href=\"https:\/\/vsscheibbs.ac.at\/?page_id=29832\" class=\"more-link\"><span class=\"screen-reader-text\">Hausordnung<\/span> weiterlesen <span class=\"meta-nav\">&rarr;<\/span><\/a><\/p>\n","protected":false},"author":1,"featured_media":0,"parent":0,"menu_order":0,"comment_status":"closed","ping_status":"closed","template":"","meta":{"ngg_post_thumbnail":0,"footnotes":""},"class_list":["post-29832","page","type-page","status-publish","hentry"],"_links":{"self":[{"href":"https:\/\/vsscheibbs.ac.at\/index.php?rest_route=\/wp\/v2\/pages\/29832","targetHints":{"allow":["GET"]}}],"collection":[{"href":"https:\/\/vsscheibbs.ac.at\/index.php?rest_route=\/wp\/v2\/pages"}],"about":[{"href":"https:\/\/vsscheibbs.ac.at\/index.php?rest_route=\/wp\/v2\/types\/page"}],"author":[{"embeddable":true,"href":"https:\/\/vsscheibbs.ac.at\/index.php?rest_route=\/wp\/v2\/users\/1"}],"replies":[{"embeddable":true,"href":"https:\/\/vsscheibbs.ac.at\/index.php?rest_route=%2Fwp%2Fv2%2Fcomments&post=29832"}],"version-history":[{"count":12,"href":"https:\/\/vsscheibbs.ac.at\/index.php?rest_route=\/wp\/v2\/pages\/29832\/revisions"}],"predecessor-version":[{"id":30349,"href":"https:\/\/vsscheibbs.ac.at\/index.php?rest_route=\/wp\/v2\/pages\/29832\/revisions\/30349"}],"wp:attachment":[{"href":"https:\/\/vsscheibbs.ac.at\/index.php?rest_route=%2Fwp%2Fv2%2Fmedia&parent=29832"}],"curies":[{"name":"wp","href":"https:\/\/api.w.org\/{rel}","templated":true}]}}