{"id":2,"date":"2016-01-11T09:55:45","date_gmt":"2016-01-11T08:55:45","guid":{"rendered":"http:\/\/vsscheibbs.ac.at\/wp\/?page_id=2"},"modified":"2016-02-03T12:46:40","modified_gmt":"2016-02-03T11:46:40","slug":"beispiel-seite","status":"publish","type":"page","link":"https:\/\/vsscheibbs.ac.at\/?page_id=2","title":{"rendered":"Leitbild"},"content":{"rendered":"<p><a href=\"http:\/\/oups.schule.at\/\"><img loading=\"lazy\" decoding=\"async\" class=\"aligncenter wp-image-145 size-medium\" src=\"https:\/\/vsscheibbs.ac.at\/wp\/wp-content\/uploads\/2016\/01\/Leitbild-Kinder-300x98.jpg\" alt=\"Leitbild-Kinder\" width=\"300\" height=\"98\" srcset=\"https:\/\/vsscheibbs.ac.at\/wp\/wp-content\/uploads\/2016\/01\/Leitbild-Kinder-300x98.jpg 300w, https:\/\/vsscheibbs.ac.at\/wp\/wp-content\/uploads\/2016\/01\/Leitbild-Kinder.jpg 400w\" sizes=\"auto, (max-width: 300px) 100vw, 300px\" \/><\/a><\/p>\n<p><span style=\"color: #800000;\"><strong>Soziale Kompetenz: &#8222;learning to be together&#8220;<\/strong><\/span><\/p>\n<p><strong>F\u00fcr ein gutes Klima in der Schule ist uns wichtig, dass wir offen und ehrlich, tolerant und respektvoll, h\u00f6flich und hilfsbereit miteinander umgehen.<\/strong><\/p>\n<p><span style=\"color: #800000;\"><strong>Wissen = Sachkompetenz: &#8222;learning to know&#8220;<\/strong><\/span><\/p>\n<p><strong>Uns ist es wichtig, dass die Sch\u00fclerInnen die Kulturtechniken und Wissen erwerben, das Gelernte verstehen und anwenden k\u00f6nnen.<\/strong><\/p>\n<p><span style=\"color: #800000;\"><strong>Lernen lernen = Methodenkompetenz: &#8222;learning to do&#8220;<\/strong><\/span><\/p>\n<p><strong>Uns ist wichtig, dass sich jedes Kind zu helfen wei\u00df und nach pers\u00f6nlichen M\u00f6glichkeiten selbstst\u00e4ndig seine Lernmethoden auch im Alltag anwenden kann.<\/strong><\/p>\n<p><span style=\"color: #800000;\"><strong>Pers\u00f6nlichkeitsentwicklung: &#8222;learning to be&#8220;<\/strong><\/span><\/p>\n<p><strong>Wir wollen die Kinder in ihrer Pers\u00f6nlichkeitsfindung unterst\u00fctzen und f\u00f6rdern. Uns ist wichtig, dass die Kinder sich selbst einsch\u00e4tzen und annehmen lernen, ihre eigenen Bed\u00fcrfnisse erkennen und ausdr\u00fccken, Selbstst\u00e4ndigkeit erlangen und Selbstverantwortung \u00fcbernehmen.<\/strong><\/p>\n<p><span style=\"color: #008000;\"><strong>Wir sind uns einig, dass wir den Kindern die Freude am Lernen erhalten wollen.<\/strong><\/span><\/p>\n","protected":false},"excerpt":{"rendered":"<p>Soziale Kompetenz: &#8222;learning to be together&#8220; F\u00fcr ein gutes Klima in der Schule ist uns wichtig, dass wir offen und ehrlich, tolerant und respektvoll, h\u00f6flich und hilfsbereit miteinander umgehen. Wissen = Sachkompetenz: &#8222;learning to know&#8220; Uns ist es wichtig, dass die Sch\u00fclerInnen die Kulturtechniken und Wissen erwerben, das Gelernte verstehen und anwenden k\u00f6nnen. Lernen lernen &hellip; <a href=\"https:\/\/vsscheibbs.ac.at\/?page_id=2\" class=\"more-link\"><span class=\"screen-reader-text\">Leitbild<\/span> weiterlesen <span class=\"meta-nav\">&rarr;<\/span><\/a><\/p>\n","protected":false},"author":1,"featured_media":0,"parent":0,"menu_order":0,"comment_status":"closed","ping_status":"open","template":"","meta":{"ngg_post_thumbnail":0,"footnotes":""},"class_list":["post-2","page","type-page","status-publish","hentry"],"_links":{"self":[{"href":"https:\/\/vsscheibbs.ac.at\/index.php?rest_route=\/wp\/v2\/pages\/2","targetHints":{"allow":["GET"]}}],"collection":[{"href":"https:\/\/vsscheibbs.ac.at\/index.php?rest_route=\/wp\/v2\/pages"}],"about":[{"href":"https:\/\/vsscheibbs.ac.at\/index.php?rest_route=\/wp\/v2\/types\/page"}],"author":[{"embeddable":true,"href":"https:\/\/vsscheibbs.ac.at\/index.php?rest_route=\/wp\/v2\/users\/1"}],"replies":[{"embeddable":true,"href":"https:\/\/vsscheibbs.ac.at\/index.php?rest_route=%2Fwp%2Fv2%2Fcomments&post=2"}],"version-history":[{"count":4,"href":"https:\/\/vsscheibbs.ac.at\/index.php?rest_route=\/wp\/v2\/pages\/2\/revisions"}],"predecessor-version":[{"id":147,"href":"https:\/\/vsscheibbs.ac.at\/index.php?rest_route=\/wp\/v2\/pages\/2\/revisions\/147"}],"wp:attachment":[{"href":"https:\/\/vsscheibbs.ac.at\/index.php?rest_route=%2Fwp%2Fv2%2Fmedia&parent=2"}],"curies":[{"name":"wp","href":"https:\/\/api.w.org\/{rel}","templated":true}]}}