{"id":190,"date":"2016-02-03T14:08:45","date_gmt":"2016-02-03T13:08:45","guid":{"rendered":"http:\/\/vsscheibbs.ac.at\/wp\/?page_id=190"},"modified":"2019-11-14T16:24:14","modified_gmt":"2019-11-14T15:24:14","slug":"aufgaben","status":"publish","type":"page","link":"https:\/\/vsscheibbs.ac.at\/?page_id=190","title":{"rendered":"Aufgaben"},"content":{"rendered":"<h6><span style=\"color: #800000;\"><em><strong><img loading=\"lazy\" decoding=\"async\" class=\"aligncenter size-full wp-image-188\" src=\"https:\/\/vsscheibbs.ac.at\/wp\/wp-content\/uploads\/2016\/02\/logo.jpg\" alt=\"logo\" width=\"150\" height=\"108\">Der Elternverein versteht sich als Br\u00fccke zwischen Schule und Elternhaus.<\/strong><\/em><\/span><\/h6>\n<p><strong><span style=\"color: #800000;\"><em>Der Verein hat die Aufgabe, die Interessen der Vereinsmitglieder an der Unterrichts- und Erziehungsarbeit der Schule zu vertreten und gleichzeitig die Schule bei Ihren Aktivit\u00e4ten zu unterst\u00fctzen, dies geschieht durch:<\/em><\/span><\/strong><\/p>\n<hr>\n<p>Unterst\u00fctzung der Schule bei verschiedenen Projekten (z.B. Soziales Lernen, Lernmaterialien, Schulbibliothek, etc.)<\/p>\n<hr>\n<p>Finanzielle Zuwendung&nbsp; f\u00fcr einzelne Kinder bei Schulveranstaltungen wie Theater, Skitag oder Projekttage, wenn eine Teilnahme sonst nicht m\u00f6glich w\u00e4re.<\/p>\n<hr>\n<p>Sch\u00fclerlotsendienst beim Zebrastreifen Flecknertor<\/p>\n<hr>\n<p><span class=\"\" style=\"font-size: medium;\">Organisation von &nbsp;Schibasar und Kinder-Flohmarkt<\/span><\/p>\n<hr>\n<p>Allj\u00e4hrliches Schulschlussfest in der letzten Schulwoche<\/p>\n<hr>\n<h6 style=\"text-align: center;\">Wir freuen uns jederzeit \u00fcber neue Ideen und Vorschl\u00e4ge!<br \/>\nAlle Mitglieder sind herzlich<br \/>\nzur aktiven Mitarbeit im Elternverein eingeladen!<\/h6>\n<p style=\"text-align: center;\"><span style=\"color: #800000;\"><strong>\u00dcber Aktivit\u00e4ten und Unterst\u00fctzung f\u00fcr das kommende Schuljahr<br \/>\nwird bei der j\u00e4hrlich stattfindenden Hauptversammlung abgestimmt.<br \/>\nJeder Elternteil kann also mitentscheiden,<br \/>\nwie unsere Kinder unterst\u00fctzt werden sollen.<\/strong><\/span><\/p>\n","protected":false},"excerpt":{"rendered":"<p>Der Elternverein versteht sich als Br\u00fccke zwischen Schule und Elternhaus. Der Verein hat die Aufgabe, die Interessen der Vereinsmitglieder an der Unterrichts- und Erziehungsarbeit der Schule zu vertreten und gleichzeitig die Schule bei Ihren Aktivit\u00e4ten zu unterst\u00fctzen, dies geschieht durch: Unterst\u00fctzung der Schule bei verschiedenen Projekten (z.B. Soziales Lernen, Lernmaterialien, Schulbibliothek, etc.) Finanzielle Zuwendung&nbsp; f\u00fcr &hellip; <a href=\"https:\/\/vsscheibbs.ac.at\/?page_id=190\" class=\"more-link\"><span class=\"screen-reader-text\">Aufgaben<\/span> weiterlesen <span class=\"meta-nav\">&rarr;<\/span><\/a><\/p>\n","protected":false},"author":1,"featured_media":0,"parent":0,"menu_order":0,"comment_status":"closed","ping_status":"closed","template":"","meta":{"ngg_post_thumbnail":0,"footnotes":""},"class_list":["post-190","page","type-page","status-publish","hentry"],"_links":{"self":[{"href":"https:\/\/vsscheibbs.ac.at\/index.php?rest_route=\/wp\/v2\/pages\/190","targetHints":{"allow":["GET"]}}],"collection":[{"href":"https:\/\/vsscheibbs.ac.at\/index.php?rest_route=\/wp\/v2\/pages"}],"about":[{"href":"https:\/\/vsscheibbs.ac.at\/index.php?rest_route=\/wp\/v2\/types\/page"}],"author":[{"embeddable":true,"href":"https:\/\/vsscheibbs.ac.at\/index.php?rest_route=\/wp\/v2\/users\/1"}],"replies":[{"embeddable":true,"href":"https:\/\/vsscheibbs.ac.at\/index.php?rest_route=%2Fwp%2Fv2%2Fcomments&post=190"}],"version-history":[{"count":14,"href":"https:\/\/vsscheibbs.ac.at\/index.php?rest_route=\/wp\/v2\/pages\/190\/revisions"}],"predecessor-version":[{"id":23876,"href":"https:\/\/vsscheibbs.ac.at\/index.php?rest_route=\/wp\/v2\/pages\/190\/revisions\/23876"}],"wp:attachment":[{"href":"https:\/\/vsscheibbs.ac.at\/index.php?rest_route=%2Fwp%2Fv2%2Fmedia&parent=190"}],"curies":[{"name":"wp","href":"https:\/\/api.w.org\/{rel}","templated":true}]}}