{"id":15,"date":"2016-02-02T19:53:24","date_gmt":"2016-02-02T18:53:24","guid":{"rendered":"http:\/\/vsscheibbs.ac.at\/wp\/?page_id=15"},"modified":"2022-10-27T09:04:25","modified_gmt":"2022-10-27T07:04:25","slug":"unsere-schule","status":"publish","type":"page","link":"https:\/\/vsscheibbs.ac.at\/?page_id=15","title":{"rendered":"Unsere Schule"},"content":{"rendered":"<p><span style=\"color: #800000;\"><strong>Liebe BesucherInnen&nbsp;unserer Homepage!<\/strong><\/span><\/p>\n<p><strong>Durch Ihren Einstieg bekunden Sie Interesse an der Volksschule Scheibbs. Danke \ud83d\ude06<br \/>\n<\/strong><\/p>\n<p><img loading=\"lazy\" decoding=\"async\" class=\"aligncenter wp-image-144\" src=\"https:\/\/vsscheibbs.ac.at\/wp\/wp-content\/uploads\/2016\/01\/dreieck-K-E-Sch.jpg\" alt=\"dreieck-K-E-Sch\" width=\"196\" height=\"103\"><\/p>\n<p><strong>Noch etwas Pers\u00f6nliches:<br \/>\n<em>Wir P\u00e4dagogInnen haben in Teamarbeit ein Leitbild f\u00fcr unsere Schule entwickelt.<br \/>\n<\/em>In Anlehnung daran halte ich hier fest:<\/strong><\/p>\n<h5><strong><span style=\"color: #ff6600;\">S<\/span> &#8230; wie Sozial- und Sachkompetenz<\/strong><\/h5>\n<h5><strong><span style=\"color: #ff6600;\">C<\/span> &#8230; wie Chancennutzung<\/strong><\/h5>\n<h5><strong><span style=\"color: #ff6600;\">H<\/span> &#8230; wie Herzensbildung<\/strong><\/h5>\n<h5><strong><span style=\"color: #ff6600;\">U<\/span>&nbsp;&#8230; wie Unterst\u00fctzung<\/strong><\/h5>\n<h5><strong><span style=\"color: #ff6600;\">L<\/span> &#8230; wie Leistungswille<\/strong><\/h5>\n<h5><strong><span style=\"color: #ff6600;\">E<\/span> &#8230; wie Eigenverantwortung <\/strong><\/h5>\n<p style=\"text-align: left;\"><strong>Ist das Genannte eingebettet in gute Kommunikationsbereitschaft aller Beteiligten, wird SCHULE gelingen!<em><br \/>\n<\/em><\/strong><\/p>\n","protected":false},"excerpt":{"rendered":"<p>Liebe BesucherInnen&nbsp;unserer Homepage! Durch Ihren Einstieg bekunden Sie Interesse an der Volksschule Scheibbs. Danke \ud83d\ude06 Noch etwas Pers\u00f6nliches: Wir P\u00e4dagogInnen haben in Teamarbeit ein Leitbild f\u00fcr unsere Schule entwickelt. In Anlehnung daran halte ich hier fest: S &#8230; wie Sozial- und Sachkompetenz C &#8230; wie Chancennutzung H &#8230; wie Herzensbildung U&nbsp;&#8230; wie Unterst\u00fctzung L &#8230; &hellip; <a href=\"https:\/\/vsscheibbs.ac.at\/?page_id=15\" class=\"more-link\"><span class=\"screen-reader-text\">Unsere Schule<\/span> weiterlesen <span class=\"meta-nav\">&rarr;<\/span><\/a><\/p>\n","protected":false},"author":1,"featured_media":0,"parent":0,"menu_order":0,"comment_status":"closed","ping_status":"closed","template":"","meta":{"ngg_post_thumbnail":0,"footnotes":""},"class_list":["post-15","page","type-page","status-publish","hentry"],"_links":{"self":[{"href":"https:\/\/vsscheibbs.ac.at\/index.php?rest_route=\/wp\/v2\/pages\/15","targetHints":{"allow":["GET"]}}],"collection":[{"href":"https:\/\/vsscheibbs.ac.at\/index.php?rest_route=\/wp\/v2\/pages"}],"about":[{"href":"https:\/\/vsscheibbs.ac.at\/index.php?rest_route=\/wp\/v2\/types\/page"}],"author":[{"embeddable":true,"href":"https:\/\/vsscheibbs.ac.at\/index.php?rest_route=\/wp\/v2\/users\/1"}],"replies":[{"embeddable":true,"href":"https:\/\/vsscheibbs.ac.at\/index.php?rest_route=%2Fwp%2Fv2%2Fcomments&post=15"}],"version-history":[{"count":6,"href":"https:\/\/vsscheibbs.ac.at\/index.php?rest_route=\/wp\/v2\/pages\/15\/revisions"}],"predecessor-version":[{"id":25963,"href":"https:\/\/vsscheibbs.ac.at\/index.php?rest_route=\/wp\/v2\/pages\/15\/revisions\/25963"}],"wp:attachment":[{"href":"https:\/\/vsscheibbs.ac.at\/index.php?rest_route=%2Fwp%2Fv2%2Fmedia&parent=15"}],"curies":[{"name":"wp","href":"https:\/\/api.w.org\/{rel}","templated":true}]}}